{"id":813,"date":"2025-02-03T20:56:39","date_gmt":"2025-02-03T20:56:39","guid":{"rendered":"https:\/\/quiruimplantesdc.com\/?post_type=product&#038;p=813"},"modified":"2025-02-03T20:56:39","modified_gmt":"2025-02-03T20:56:39","slug":"equipor-de-crioterapia","status":"publish","type":"product","link":"https:\/\/quiruimplantesdc.com\/index.php\/producto\/equipor-de-crioterapia\/","title":{"rendered":"Equipor de Crioterapia"},"content":{"rendered":"<p>Es un sistema crioterapia port\u00e1til para el tratamiento eficaz de afecciones patol\u00f3gicas como verrugas, verrugas y papilomas cut\u00e1neos. Se usa por medio del frio intenso que produce el nitr\u00f3geno l\u00edquido para destruir c\u00e9lulas cancer\u00edgenas.<\/p>\n","protected":false},"excerpt":{"rendered":"<p>Es un sistema crioterapia port\u00e1til para el tratamiento eficaz de afecciones patol\u00f3gicas como verrugas, verrugas y papilomas cut\u00e1neos. Se usa por medio del frio intenso que produce el nitr\u00f3geno l\u00edquido para destruir c\u00e9lulas cancer\u00edgenas.<\/p>\n","protected":false},"featured_media":814,"comment_status":"open","ping_status":"closed","template":"","meta":{"om_disable_all_campaigns":false,"_monsterinsights_skip_tracking":false,"_monsterinsights_sitenote_active":false,"_monsterinsights_sitenote_note":"","_monsterinsights_sitenote_category":0,"_joinchat":[]},"product_brand":[],"product_cat":[31,23],"product_tag":[],"class_list":{"0":"post-813","1":"product","2":"type-product","3":"status-publish","4":"has-post-thumbnail","6":"product_cat-cirugia-plastica-y-reconstructiva","7":"product_cat-ortopedia","9":"first","10":"instock","11":"shipping-taxable","12":"product-type-simple"},"aioseo_notices":[],"jetpack_sharing_enabled":true,"_links":{"self":[{"href":"https:\/\/quiruimplantesdc.com\/index.php\/wp-json\/wp\/v2\/product\/813","targetHints":{"allow":["GET"]}}],"collection":[{"href":"https:\/\/quiruimplantesdc.com\/index.php\/wp-json\/wp\/v2\/product"}],"about":[{"href":"https:\/\/quiruimplantesdc.com\/index.php\/wp-json\/wp\/v2\/types\/product"}],"replies":[{"embeddable":true,"href":"https:\/\/quiruimplantesdc.com\/index.php\/wp-json\/wp\/v2\/comments?post=813"}],"version-history":[{"count":1,"href":"https:\/\/quiruimplantesdc.com\/index.php\/wp-json\/wp\/v2\/product\/813\/revisions"}],"predecessor-version":[{"id":815,"href":"https:\/\/quiruimplantesdc.com\/index.php\/wp-json\/wp\/v2\/product\/813\/revisions\/815"}],"wp:featuredmedia":[{"embeddable":true,"href":"https:\/\/quiruimplantesdc.com\/index.php\/wp-json\/wp\/v2\/media\/814"}],"wp:attachment":[{"href":"https:\/\/quiruimplantesdc.com\/index.php\/wp-json\/wp\/v2\/media?parent=813"}],"wp:term":[{"taxonomy":"product_brand","embeddable":true,"href":"https:\/\/quiruimplantesdc.com\/index.php\/wp-json\/wp\/v2\/product_brand?post=813"},{"taxonomy":"product_cat","embeddable":true,"href":"https:\/\/quiruimplantesdc.com\/index.php\/wp-json\/wp\/v2\/product_cat?post=813"},{"taxonomy":"product_tag","embeddable":true,"href":"https:\/\/quiruimplantesdc.com\/index.php\/wp-json\/wp\/v2\/product_tag?post=813"}],"curies":[{"name":"wp","href":"https:\/\/api.w.org\/{rel}","templated":true}]}}