{"id":587,"date":"2024-06-05T23:51:24","date_gmt":"2024-06-05T23:51:24","guid":{"rendered":"https:\/\/quiruimplantesdc.com\/?post_type=product&#038;p=587"},"modified":"2024-06-27T00:56:44","modified_gmt":"2024-06-27T00:56:44","slug":"coblacion","status":"publish","type":"product","link":"https:\/\/quiruimplantesdc.com\/index.php\/producto\/coblacion\/","title":{"rendered":"Coblaci\u00f3n"},"content":{"rendered":"<p>Es ideal para procedimientos de amigdalectom\u00eda, adenoidectom\u00eda, reducci\u00f3n de cornetes nasales hipertr\u00f3ficos, polipectom\u00eda lar\u00edngea y debulking de lesiones, paladar blando, ronquidos y cirug\u00eda de senos<\/p>\n","protected":false},"excerpt":{"rendered":"<p>Es ideal para procedimientos de amigdalectom\u00eda, adenoidectom\u00eda, reducci\u00f3n de cornetes nasales hipertr\u00f3ficos, polipectom\u00eda lar\u00edngea y debulking de lesiones, paladar blando, ronquidos y cirug\u00eda de senos<\/p>\n","protected":false},"featured_media":589,"comment_status":"open","ping_status":"closed","template":"","meta":{"om_disable_all_campaigns":false,"_monsterinsights_skip_tracking":false,"_monsterinsights_sitenote_active":false,"_monsterinsights_sitenote_note":"","_monsterinsights_sitenote_category":0,"_joinchat":[]},"product_brand":[],"product_cat":[32],"product_tag":[],"class_list":{"0":"post-587","1":"product","2":"type-product","3":"status-publish","4":"has-post-thumbnail","6":"product_cat-otorrino","8":"first","9":"instock","10":"shipping-taxable","11":"product-type-simple"},"aioseo_notices":[],"jetpack_sharing_enabled":true,"_links":{"self":[{"href":"https:\/\/quiruimplantesdc.com\/index.php\/wp-json\/wp\/v2\/product\/587","targetHints":{"allow":["GET"]}}],"collection":[{"href":"https:\/\/quiruimplantesdc.com\/index.php\/wp-json\/wp\/v2\/product"}],"about":[{"href":"https:\/\/quiruimplantesdc.com\/index.php\/wp-json\/wp\/v2\/types\/product"}],"replies":[{"embeddable":true,"href":"https:\/\/quiruimplantesdc.com\/index.php\/wp-json\/wp\/v2\/comments?post=587"}],"version-history":[{"count":2,"href":"https:\/\/quiruimplantesdc.com\/index.php\/wp-json\/wp\/v2\/product\/587\/revisions"}],"predecessor-version":[{"id":643,"href":"https:\/\/quiruimplantesdc.com\/index.php\/wp-json\/wp\/v2\/product\/587\/revisions\/643"}],"wp:featuredmedia":[{"embeddable":true,"href":"https:\/\/quiruimplantesdc.com\/index.php\/wp-json\/wp\/v2\/media\/589"}],"wp:attachment":[{"href":"https:\/\/quiruimplantesdc.com\/index.php\/wp-json\/wp\/v2\/media?parent=587"}],"wp:term":[{"taxonomy":"product_brand","embeddable":true,"href":"https:\/\/quiruimplantesdc.com\/index.php\/wp-json\/wp\/v2\/product_brand?post=587"},{"taxonomy":"product_cat","embeddable":true,"href":"https:\/\/quiruimplantesdc.com\/index.php\/wp-json\/wp\/v2\/product_cat?post=587"},{"taxonomy":"product_tag","embeddable":true,"href":"https:\/\/quiruimplantesdc.com\/index.php\/wp-json\/wp\/v2\/product_tag?post=587"}],"curies":[{"name":"wp","href":"https:\/\/api.w.org\/{rel}","templated":true}]}}