{"id":480,"date":"2024-05-06T23:51:58","date_gmt":"2024-05-06T23:51:58","guid":{"rendered":"https:\/\/quiruimplantesdc.com\/?post_type=product&#038;p=480"},"modified":"2024-06-27T00:50:14","modified_gmt":"2024-06-27T00:50:14","slug":"esponja","status":"publish","type":"product","link":"https:\/\/quiruimplantesdc.com\/index.php\/producto\/esponja\/","title":{"rendered":"Esponja"},"content":{"rendered":"<p>Es un hemost\u00e1tico r\u00e1pido y eficaz que detiene el sangrado r\u00e1pidamente. Reduce el sangrado intraoperatorio y el tiempo quir\u00fargico. Cuando se implanta in vivo, se absorbe completamente en 3-4 semanas, sin residuos ni encapsulaci\u00f3n.<\/p>\n<p>\u00bfC\u00f3mo funciona?<\/p>\n<p>Se adhiere al lugar del sangrado y absorbe aproximadamente 45 veces su propio peso de sangre. Tiene una estructura porosa que activa los trombocitos en el momento en que la sangre entra en contacto con la matriz de la esponja. Esto hace que los trombocitos liberen una serie de sustancias que favorecen su agregaci\u00f3n al mismo tiempo que sus superficies cambian de car\u00e1cter, lo que les permite actuar como catalizador de la formaci\u00f3n de fibrina, que detiene el sangrado. Cuando se implanta en los tejidos, se absorbe en 3-4 semanas.<\/p>\n","protected":false},"excerpt":{"rendered":"<p>Es un hemost\u00e1tico r\u00e1pido y eficaz que detiene el sangrado r\u00e1pidamente. Reduce el sangrado intraoperatorio y el tiempo quir\u00fargico. Cuando se implanta in vivo, se absorbe completamente en 3-4 semanas, sin residuos ni encapsulaci\u00f3n. \u00bfC\u00f3mo funciona? Se adhiere al lugar del sangrado y absorbe aproximadamente 45 veces su propio peso de sangre. Tiene una estructura [&hellip;]<\/p>\n","protected":false},"featured_media":473,"comment_status":"open","ping_status":"closed","template":"","meta":{"om_disable_all_campaigns":false,"_monsterinsights_skip_tracking":false,"_monsterinsights_sitenote_active":false,"_monsterinsights_sitenote_note":"","_monsterinsights_sitenote_category":0,"_joinchat":[]},"product_brand":[],"product_cat":[33],"product_tag":[],"class_list":{"0":"post-480","1":"product","2":"type-product","3":"status-publish","4":"has-post-thumbnail","6":"product_cat-hemostaticos","8":"first","9":"instock","10":"shipping-taxable","11":"product-type-simple"},"aioseo_notices":[],"jetpack_sharing_enabled":true,"_links":{"self":[{"href":"https:\/\/quiruimplantesdc.com\/index.php\/wp-json\/wp\/v2\/product\/480","targetHints":{"allow":["GET"]}}],"collection":[{"href":"https:\/\/quiruimplantesdc.com\/index.php\/wp-json\/wp\/v2\/product"}],"about":[{"href":"https:\/\/quiruimplantesdc.com\/index.php\/wp-json\/wp\/v2\/types\/product"}],"replies":[{"embeddable":true,"href":"https:\/\/quiruimplantesdc.com\/index.php\/wp-json\/wp\/v2\/comments?post=480"}],"version-history":[{"count":2,"href":"https:\/\/quiruimplantesdc.com\/index.php\/wp-json\/wp\/v2\/product\/480\/revisions"}],"predecessor-version":[{"id":641,"href":"https:\/\/quiruimplantesdc.com\/index.php\/wp-json\/wp\/v2\/product\/480\/revisions\/641"}],"wp:featuredmedia":[{"embeddable":true,"href":"https:\/\/quiruimplantesdc.com\/index.php\/wp-json\/wp\/v2\/media\/473"}],"wp:attachment":[{"href":"https:\/\/quiruimplantesdc.com\/index.php\/wp-json\/wp\/v2\/media?parent=480"}],"wp:term":[{"taxonomy":"product_brand","embeddable":true,"href":"https:\/\/quiruimplantesdc.com\/index.php\/wp-json\/wp\/v2\/product_brand?post=480"},{"taxonomy":"product_cat","embeddable":true,"href":"https:\/\/quiruimplantesdc.com\/index.php\/wp-json\/wp\/v2\/product_cat?post=480"},{"taxonomy":"product_tag","embeddable":true,"href":"https:\/\/quiruimplantesdc.com\/index.php\/wp-json\/wp\/v2\/product_tag?post=480"}],"curies":[{"name":"wp","href":"https:\/\/api.w.org\/{rel}","templated":true}]}}