{"id":382,"date":"2024-04-30T13:44:35","date_gmt":"2024-04-30T13:44:35","guid":{"rendered":"https:\/\/quiruimplantesdc.com\/?post_type=product&#038;p=382"},"modified":"2024-04-30T13:45:18","modified_gmt":"2024-04-30T13:45:18","slug":"injerto-corticoesponjoso","status":"publish","type":"product","link":"https:\/\/quiruimplantesdc.com\/index.php\/producto\/injerto-corticoesponjoso\/","title":{"rendered":"Injerto corticoesponjoso"},"content":{"rendered":"<p>Es un fragmento de hueso humano que se ha procesado y es deshidratado, de alta calidad garantizando los m\u00e1ximos par\u00e1metros de seguridad y calidad, sin alterar las caracter\u00edsticas biol\u00f3gicas y biomec\u00e1nicas del hueso tratado.<\/p>\n","protected":false},"excerpt":{"rendered":"<p>Es un fragmento de hueso humano que se ha procesado y es deshidratado, de alta calidad garantizando los m\u00e1ximos par\u00e1metros de seguridad y calidad, sin alterar las caracter\u00edsticas biol\u00f3gicas y biomec\u00e1nicas del hueso tratado.<\/p>\n","protected":false},"featured_media":383,"comment_status":"open","ping_status":"closed","template":"","meta":{"om_disable_all_campaigns":false,"_monsterinsights_skip_tracking":false,"_monsterinsights_sitenote_active":false,"_monsterinsights_sitenote_note":"","_monsterinsights_sitenote_category":0,"_joinchat":[]},"product_brand":[],"product_cat":[34],"product_tag":[],"class_list":{"0":"post-382","1":"product","2":"type-product","3":"status-publish","4":"has-post-thumbnail","6":"product_cat-biologicos","8":"first","9":"instock","10":"shipping-taxable","11":"product-type-simple"},"aioseo_notices":[],"jetpack_sharing_enabled":true,"_links":{"self":[{"href":"https:\/\/quiruimplantesdc.com\/index.php\/wp-json\/wp\/v2\/product\/382","targetHints":{"allow":["GET"]}}],"collection":[{"href":"https:\/\/quiruimplantesdc.com\/index.php\/wp-json\/wp\/v2\/product"}],"about":[{"href":"https:\/\/quiruimplantesdc.com\/index.php\/wp-json\/wp\/v2\/types\/product"}],"replies":[{"embeddable":true,"href":"https:\/\/quiruimplantesdc.com\/index.php\/wp-json\/wp\/v2\/comments?post=382"}],"version-history":[{"count":2,"href":"https:\/\/quiruimplantesdc.com\/index.php\/wp-json\/wp\/v2\/product\/382\/revisions"}],"predecessor-version":[{"id":385,"href":"https:\/\/quiruimplantesdc.com\/index.php\/wp-json\/wp\/v2\/product\/382\/revisions\/385"}],"wp:featuredmedia":[{"embeddable":true,"href":"https:\/\/quiruimplantesdc.com\/index.php\/wp-json\/wp\/v2\/media\/383"}],"wp:attachment":[{"href":"https:\/\/quiruimplantesdc.com\/index.php\/wp-json\/wp\/v2\/media?parent=382"}],"wp:term":[{"taxonomy":"product_brand","embeddable":true,"href":"https:\/\/quiruimplantesdc.com\/index.php\/wp-json\/wp\/v2\/product_brand?post=382"},{"taxonomy":"product_cat","embeddable":true,"href":"https:\/\/quiruimplantesdc.com\/index.php\/wp-json\/wp\/v2\/product_cat?post=382"},{"taxonomy":"product_tag","embeddable":true,"href":"https:\/\/quiruimplantesdc.com\/index.php\/wp-json\/wp\/v2\/product_tag?post=382"}],"curies":[{"name":"wp","href":"https:\/\/api.w.org\/{rel}","templated":true}]}}