{"id":297,"date":"2024-03-31T03:23:16","date_gmt":"2024-03-31T03:23:16","guid":{"rendered":"https:\/\/quiruimplantesdc.com\/?post_type=product&#038;p=297"},"modified":"2024-06-27T00:44:17","modified_gmt":"2024-06-27T00:44:17","slug":"en-laminas","status":"publish","type":"product","link":"https:\/\/quiruimplantesdc.com\/index.php\/producto\/en-laminas\/","title":{"rendered":"En laminas"},"content":{"rendered":"<p>Es una esponja de gelatina est\u00e9ril y reabsorbible, es un producto cl\u00ednicamente probado que se utiliza para el tratamiento de hemorragias nasales leves a moderadas y para el cuidado de heridas d\u00e9rmicas. Ofrece una estructura microporosa que permite la activaci\u00f3n de la coagulaci\u00f3n. La esponja se caracteriza por una gran capacidad para absorber sangre y exudado.<\/p>\n","protected":false},"excerpt":{"rendered":"<p>Es una esponja de gelatina est\u00e9ril y reabsorbible, es un producto cl\u00ednicamente probado que se utiliza para el tratamiento de hemorragias nasales leves a moderadas y para el cuidado de heridas d\u00e9rmicas. Ofrece una estructura microporosa que permite la activaci\u00f3n de la coagulaci\u00f3n. La esponja se caracteriza por una gran capacidad para absorber sangre y [&hellip;]<\/p>\n","protected":false},"featured_media":613,"comment_status":"open","ping_status":"closed","template":"","meta":{"om_disable_all_campaigns":false,"_monsterinsights_skip_tracking":false,"_monsterinsights_sitenote_active":false,"_monsterinsights_sitenote_note":"","_monsterinsights_sitenote_category":0,"_joinchat":[]},"product_brand":[],"product_cat":[33],"product_tag":[],"class_list":{"0":"post-297","1":"product","2":"type-product","3":"status-publish","4":"has-post-thumbnail","6":"product_cat-hemostaticos","8":"first","9":"instock","10":"shipping-taxable","11":"product-type-simple"},"aioseo_notices":[],"jetpack_sharing_enabled":true,"_links":{"self":[{"href":"https:\/\/quiruimplantesdc.com\/index.php\/wp-json\/wp\/v2\/product\/297","targetHints":{"allow":["GET"]}}],"collection":[{"href":"https:\/\/quiruimplantesdc.com\/index.php\/wp-json\/wp\/v2\/product"}],"about":[{"href":"https:\/\/quiruimplantesdc.com\/index.php\/wp-json\/wp\/v2\/types\/product"}],"replies":[{"embeddable":true,"href":"https:\/\/quiruimplantesdc.com\/index.php\/wp-json\/wp\/v2\/comments?post=297"}],"version-history":[{"count":3,"href":"https:\/\/quiruimplantesdc.com\/index.php\/wp-json\/wp\/v2\/product\/297\/revisions"}],"predecessor-version":[{"id":639,"href":"https:\/\/quiruimplantesdc.com\/index.php\/wp-json\/wp\/v2\/product\/297\/revisions\/639"}],"wp:featuredmedia":[{"embeddable":true,"href":"https:\/\/quiruimplantesdc.com\/index.php\/wp-json\/wp\/v2\/media\/613"}],"wp:attachment":[{"href":"https:\/\/quiruimplantesdc.com\/index.php\/wp-json\/wp\/v2\/media?parent=297"}],"wp:term":[{"taxonomy":"product_brand","embeddable":true,"href":"https:\/\/quiruimplantesdc.com\/index.php\/wp-json\/wp\/v2\/product_brand?post=297"},{"taxonomy":"product_cat","embeddable":true,"href":"https:\/\/quiruimplantesdc.com\/index.php\/wp-json\/wp\/v2\/product_cat?post=297"},{"taxonomy":"product_tag","embeddable":true,"href":"https:\/\/quiruimplantesdc.com\/index.php\/wp-json\/wp\/v2\/product_tag?post=297"}],"curies":[{"name":"wp","href":"https:\/\/api.w.org\/{rel}","templated":true}]}}