{"id":295,"date":"2024-03-31T03:22:47","date_gmt":"2024-03-31T03:22:47","guid":{"rendered":"https:\/\/quiruimplantesdc.com\/?post_type=product&#038;p=295"},"modified":"2025-02-03T16:28:08","modified_gmt":"2025-02-03T16:28:08","slug":"matrix","status":"publish","type":"product","link":"https:\/\/quiruimplantesdc.com\/index.php\/producto\/matrix\/","title":{"rendered":"Matriz Hemostatica"},"content":{"rendered":"<p><span>Matriz hemost\u00e1tica de gelatina fluida est\u00e1 hecha de una esponja de gelatina absorbible, en forma fluida como matriz hemost\u00e1tica fluida de color blanquecino (ligeramente amarillenta) precargada en una jeringa. Se utiliza aplic\u00e1ndola sobre un sangrado que se produce en espacios estrechos e irregulares, especialmente en un sitio de dif\u00edcil acceso.<\/span><\/p>\n","protected":false},"excerpt":{"rendered":"<p>Matriz hemost\u00e1tica de gelatina fluida est\u00e1 hecha de una esponja de gelatina absorbible, en forma fluida como matriz hemost\u00e1tica fluida de color blanquecino (ligeramente amarillenta) precargada en una jeringa. Se utiliza aplic\u00e1ndola sobre un sangrado que se produce en espacios estrechos e irregulares, especialmente en un sitio de dif\u00edcil acceso.<\/p>\n","protected":false},"featured_media":781,"comment_status":"open","ping_status":"closed","template":"","meta":{"om_disable_all_campaigns":false,"_monsterinsights_skip_tracking":false,"_monsterinsights_sitenote_active":false,"_monsterinsights_sitenote_note":"","_monsterinsights_sitenote_category":0,"_joinchat":[]},"product_brand":[],"product_cat":[33],"product_tag":[],"class_list":{"0":"post-295","1":"product","2":"type-product","3":"status-publish","4":"has-post-thumbnail","6":"product_cat-hemostaticos","8":"first","9":"instock","10":"shipping-taxable","11":"product-type-simple"},"aioseo_notices":[],"jetpack_sharing_enabled":true,"_links":{"self":[{"href":"https:\/\/quiruimplantesdc.com\/index.php\/wp-json\/wp\/v2\/product\/295","targetHints":{"allow":["GET"]}}],"collection":[{"href":"https:\/\/quiruimplantesdc.com\/index.php\/wp-json\/wp\/v2\/product"}],"about":[{"href":"https:\/\/quiruimplantesdc.com\/index.php\/wp-json\/wp\/v2\/types\/product"}],"replies":[{"embeddable":true,"href":"https:\/\/quiruimplantesdc.com\/index.php\/wp-json\/wp\/v2\/comments?post=295"}],"version-history":[{"count":4,"href":"https:\/\/quiruimplantesdc.com\/index.php\/wp-json\/wp\/v2\/product\/295\/revisions"}],"predecessor-version":[{"id":782,"href":"https:\/\/quiruimplantesdc.com\/index.php\/wp-json\/wp\/v2\/product\/295\/revisions\/782"}],"wp:featuredmedia":[{"embeddable":true,"href":"https:\/\/quiruimplantesdc.com\/index.php\/wp-json\/wp\/v2\/media\/781"}],"wp:attachment":[{"href":"https:\/\/quiruimplantesdc.com\/index.php\/wp-json\/wp\/v2\/media?parent=295"}],"wp:term":[{"taxonomy":"product_brand","embeddable":true,"href":"https:\/\/quiruimplantesdc.com\/index.php\/wp-json\/wp\/v2\/product_brand?post=295"},{"taxonomy":"product_cat","embeddable":true,"href":"https:\/\/quiruimplantesdc.com\/index.php\/wp-json\/wp\/v2\/product_cat?post=295"},{"taxonomy":"product_tag","embeddable":true,"href":"https:\/\/quiruimplantesdc.com\/index.php\/wp-json\/wp\/v2\/product_tag?post=295"}],"curies":[{"name":"wp","href":"https:\/\/api.w.org\/{rel}","templated":true}]}}