{"id":289,"date":"2024-03-31T03:18:19","date_gmt":"2024-03-31T03:18:19","guid":{"rendered":"https:\/\/quiruimplantesdc.com\/?post_type=product&#038;p=289"},"modified":"2024-04-30T12:54:54","modified_gmt":"2024-04-30T12:54:54","slug":"hemostatico-nasal","status":"publish","type":"product","link":"https:\/\/quiruimplantesdc.com\/index.php\/producto\/hemostatico-nasal\/","title":{"rendered":"Hemostatico nasal"},"content":{"rendered":"<p>Est\u00e1n dise\u00f1ados para su uso en diversas cirug\u00edas nasales, Rellenan y sujetan las cavidades nasales durante la cirug\u00eda, permitiendo una ventilaci\u00f3n suave del tabique para garantizar la comodidad del paciente.<\/p>\n","protected":false},"excerpt":{"rendered":"<p>Est\u00e1n dise\u00f1ados para su uso en diversas cirug\u00edas nasales, Rellenan y sujetan las cavidades nasales durante la cirug\u00eda, permitiendo una ventilaci\u00f3n suave del tabique para garantizar la comodidad del paciente.<\/p>\n","protected":false},"featured_media":374,"comment_status":"open","ping_status":"closed","template":"","meta":{"om_disable_all_campaigns":false,"_monsterinsights_skip_tracking":false,"_monsterinsights_sitenote_active":false,"_monsterinsights_sitenote_note":"","_monsterinsights_sitenote_category":0,"_joinchat":[]},"product_brand":[],"product_cat":[32],"product_tag":[],"class_list":{"0":"post-289","1":"product","2":"type-product","3":"status-publish","4":"has-post-thumbnail","6":"product_cat-otorrino","8":"first","9":"instock","10":"shipping-taxable","11":"product-type-simple"},"aioseo_notices":[],"jetpack_sharing_enabled":true,"_links":{"self":[{"href":"https:\/\/quiruimplantesdc.com\/index.php\/wp-json\/wp\/v2\/product\/289","targetHints":{"allow":["GET"]}}],"collection":[{"href":"https:\/\/quiruimplantesdc.com\/index.php\/wp-json\/wp\/v2\/product"}],"about":[{"href":"https:\/\/quiruimplantesdc.com\/index.php\/wp-json\/wp\/v2\/types\/product"}],"replies":[{"embeddable":true,"href":"https:\/\/quiruimplantesdc.com\/index.php\/wp-json\/wp\/v2\/comments?post=289"}],"version-history":[{"count":3,"href":"https:\/\/quiruimplantesdc.com\/index.php\/wp-json\/wp\/v2\/product\/289\/revisions"}],"predecessor-version":[{"id":375,"href":"https:\/\/quiruimplantesdc.com\/index.php\/wp-json\/wp\/v2\/product\/289\/revisions\/375"}],"wp:featuredmedia":[{"embeddable":true,"href":"https:\/\/quiruimplantesdc.com\/index.php\/wp-json\/wp\/v2\/media\/374"}],"wp:attachment":[{"href":"https:\/\/quiruimplantesdc.com\/index.php\/wp-json\/wp\/v2\/media?parent=289"}],"wp:term":[{"taxonomy":"product_brand","embeddable":true,"href":"https:\/\/quiruimplantesdc.com\/index.php\/wp-json\/wp\/v2\/product_brand?post=289"},{"taxonomy":"product_cat","embeddable":true,"href":"https:\/\/quiruimplantesdc.com\/index.php\/wp-json\/wp\/v2\/product_cat?post=289"},{"taxonomy":"product_tag","embeddable":true,"href":"https:\/\/quiruimplantesdc.com\/index.php\/wp-json\/wp\/v2\/product_tag?post=289"}],"curies":[{"name":"wp","href":"https:\/\/api.w.org\/{rel}","templated":true}]}}