{"id":287,"date":"2024-03-31T03:17:16","date_gmt":"2024-03-31T03:17:16","guid":{"rendered":"https:\/\/quiruimplantesdc.com\/?post_type=product&#038;p=287"},"modified":"2024-06-27T00:17:30","modified_gmt":"2024-06-27T00:17:30","slug":"canulas-y-equipo-de-liposuccion","status":"publish","type":"product","link":"https:\/\/quiruimplantesdc.com\/index.php\/producto\/canulas-y-equipo-de-liposuccion\/","title":{"rendered":"Canulas y equipo de liposuccion"},"content":{"rendered":"<p>Las c\u00e1nulas son muy finas y se introducen a trav\u00e9s de peque\u00f1as incisiones en la piel, que dejan una cicatriz pr\u00e1cticamente imperceptible a simple vista.<\/p>\n","protected":false},"excerpt":{"rendered":"<p>Las c\u00e1nulas son muy finas y se introducen a trav\u00e9s de peque\u00f1as incisiones en la piel, que dejan una cicatriz pr\u00e1cticamente imperceptible a simple vista.<\/p>\n","protected":false},"featured_media":633,"comment_status":"open","ping_status":"closed","template":"","meta":{"om_disable_all_campaigns":false,"_monsterinsights_skip_tracking":false,"_monsterinsights_sitenote_active":false,"_monsterinsights_sitenote_note":"","_monsterinsights_sitenote_category":0,"_joinchat":[]},"product_brand":[],"product_cat":[31],"product_tag":[],"class_list":{"0":"post-287","1":"product","2":"type-product","3":"status-publish","4":"has-post-thumbnail","6":"product_cat-cirugia-plastica-y-reconstructiva","8":"first","9":"instock","10":"shipping-taxable","11":"product-type-simple"},"aioseo_notices":[],"jetpack_sharing_enabled":true,"_links":{"self":[{"href":"https:\/\/quiruimplantesdc.com\/index.php\/wp-json\/wp\/v2\/product\/287","targetHints":{"allow":["GET"]}}],"collection":[{"href":"https:\/\/quiruimplantesdc.com\/index.php\/wp-json\/wp\/v2\/product"}],"about":[{"href":"https:\/\/quiruimplantesdc.com\/index.php\/wp-json\/wp\/v2\/types\/product"}],"replies":[{"embeddable":true,"href":"https:\/\/quiruimplantesdc.com\/index.php\/wp-json\/wp\/v2\/comments?post=287"}],"version-history":[{"count":3,"href":"https:\/\/quiruimplantesdc.com\/index.php\/wp-json\/wp\/v2\/product\/287\/revisions"}],"predecessor-version":[{"id":634,"href":"https:\/\/quiruimplantesdc.com\/index.php\/wp-json\/wp\/v2\/product\/287\/revisions\/634"}],"wp:featuredmedia":[{"embeddable":true,"href":"https:\/\/quiruimplantesdc.com\/index.php\/wp-json\/wp\/v2\/media\/633"}],"wp:attachment":[{"href":"https:\/\/quiruimplantesdc.com\/index.php\/wp-json\/wp\/v2\/media?parent=287"}],"wp:term":[{"taxonomy":"product_brand","embeddable":true,"href":"https:\/\/quiruimplantesdc.com\/index.php\/wp-json\/wp\/v2\/product_brand?post=287"},{"taxonomy":"product_cat","embeddable":true,"href":"https:\/\/quiruimplantesdc.com\/index.php\/wp-json\/wp\/v2\/product_cat?post=287"},{"taxonomy":"product_tag","embeddable":true,"href":"https:\/\/quiruimplantesdc.com\/index.php\/wp-json\/wp\/v2\/product_tag?post=287"}],"curies":[{"name":"wp","href":"https:\/\/api.w.org\/{rel}","templated":true}]}}