{"id":285,"date":"2024-03-31T03:16:47","date_gmt":"2024-03-31T03:16:47","guid":{"rendered":"https:\/\/quiruimplantesdc.com\/?post_type=product&#038;p=285"},"modified":"2024-06-27T01:02:02","modified_gmt":"2024-06-27T01:02:02","slug":"colageno","status":"publish","type":"product","link":"https:\/\/quiruimplantesdc.com\/index.php\/producto\/colageno\/","title":{"rendered":"Colageno biomimenizado"},"content":{"rendered":"<p>Es una matriz de col\u00e1geno mimenizado, reabsorbible y porosa, con estabilidad volum\u00e9trica, espec\u00edficamente dise\u00f1ada para la regeneraci\u00f3n del tejido oseo<\/p>\n","protected":false},"excerpt":{"rendered":"<p>Es una matriz de col\u00e1geno mimenizado, reabsorbible y porosa, con estabilidad volum\u00e9trica, espec\u00edficamente dise\u00f1ada para la regeneraci\u00f3n del tejido oseo<\/p>\n","protected":false},"featured_media":638,"comment_status":"open","ping_status":"closed","template":"","meta":{"om_disable_all_campaigns":false,"_monsterinsights_skip_tracking":false,"_monsterinsights_sitenote_active":false,"_monsterinsights_sitenote_note":"","_monsterinsights_sitenote_category":0,"_joinchat":[]},"product_brand":[],"product_cat":[34,31],"product_tag":[],"class_list":{"0":"post-285","1":"product","2":"type-product","3":"status-publish","4":"has-post-thumbnail","6":"product_cat-biologicos","7":"product_cat-cirugia-plastica-y-reconstructiva","9":"first","10":"instock","11":"shipping-taxable","12":"product-type-simple"},"aioseo_notices":[],"jetpack_sharing_enabled":true,"_links":{"self":[{"href":"https:\/\/quiruimplantesdc.com\/index.php\/wp-json\/wp\/v2\/product\/285","targetHints":{"allow":["GET"]}}],"collection":[{"href":"https:\/\/quiruimplantesdc.com\/index.php\/wp-json\/wp\/v2\/product"}],"about":[{"href":"https:\/\/quiruimplantesdc.com\/index.php\/wp-json\/wp\/v2\/types\/product"}],"replies":[{"embeddable":true,"href":"https:\/\/quiruimplantesdc.com\/index.php\/wp-json\/wp\/v2\/comments?post=285"}],"version-history":[{"count":3,"href":"https:\/\/quiruimplantesdc.com\/index.php\/wp-json\/wp\/v2\/product\/285\/revisions"}],"predecessor-version":[{"id":644,"href":"https:\/\/quiruimplantesdc.com\/index.php\/wp-json\/wp\/v2\/product\/285\/revisions\/644"}],"wp:featuredmedia":[{"embeddable":true,"href":"https:\/\/quiruimplantesdc.com\/index.php\/wp-json\/wp\/v2\/media\/638"}],"wp:attachment":[{"href":"https:\/\/quiruimplantesdc.com\/index.php\/wp-json\/wp\/v2\/media?parent=285"}],"wp:term":[{"taxonomy":"product_brand","embeddable":true,"href":"https:\/\/quiruimplantesdc.com\/index.php\/wp-json\/wp\/v2\/product_brand?post=285"},{"taxonomy":"product_cat","embeddable":true,"href":"https:\/\/quiruimplantesdc.com\/index.php\/wp-json\/wp\/v2\/product_cat?post=285"},{"taxonomy":"product_tag","embeddable":true,"href":"https:\/\/quiruimplantesdc.com\/index.php\/wp-json\/wp\/v2\/product_tag?post=285"}],"curies":[{"name":"wp","href":"https:\/\/api.w.org\/{rel}","templated":true}]}}