{"id":279,"date":"2024-03-31T03:15:15","date_gmt":"2024-03-31T03:15:15","guid":{"rendered":"https:\/\/quiruimplantesdc.com\/?post_type=product&#038;p=279"},"modified":"2024-06-24T23:37:33","modified_gmt":"2024-06-24T23:37:33","slug":"debridador-ultrasonico","status":"publish","type":"product","link":"https:\/\/quiruimplantesdc.com\/index.php\/producto\/debridador-ultrasonico\/","title":{"rendered":"Debridador ultras\u00f3nico"},"content":{"rendered":"<p>Es un equipo m\u00e9dico desarrollado para el desbridamiento de heridas complicadas utilizando el efecto de cavitaci\u00f3n ultras\u00f3nica y el efecto mec\u00e1nico de vibraci\u00f3n de alta frecuencia, reduciendo el da\u00f1o al tejido normal durante el desbridamiento, alivia el dolor de los pacientes y es port\u00e1til para moverse con ruedas giratorias.<\/p>\n","protected":false},"excerpt":{"rendered":"<p>Es un equipo m\u00e9dico desarrollado para el desbridamiento de heridas complicadas utilizando el efecto de cavitaci\u00f3n ultras\u00f3nica y el efecto mec\u00e1nico de vibraci\u00f3n de alta frecuencia, reduciendo el da\u00f1o al tejido normal durante el desbridamiento, alivia el dolor de los pacientes y es port\u00e1til para moverse con ruedas giratorias.<\/p>\n","protected":false},"featured_media":607,"comment_status":"open","ping_status":"closed","template":"","meta":{"om_disable_all_campaigns":false,"_monsterinsights_skip_tracking":false,"_monsterinsights_sitenote_active":false,"_monsterinsights_sitenote_note":"","_monsterinsights_sitenote_category":0,"_joinchat":[]},"product_brand":[],"product_cat":[31,23,35],"product_tag":[],"class_list":{"0":"post-279","1":"product","2":"type-product","3":"status-publish","4":"has-post-thumbnail","6":"product_cat-cirugia-plastica-y-reconstructiva","7":"product_cat-ortopedia","8":"product_cat-ortopedia-oncologica-pediatrica","10":"first","11":"instock","12":"shipping-taxable","13":"product-type-simple"},"aioseo_notices":[],"jetpack_sharing_enabled":true,"_links":{"self":[{"href":"https:\/\/quiruimplantesdc.com\/index.php\/wp-json\/wp\/v2\/product\/279","targetHints":{"allow":["GET"]}}],"collection":[{"href":"https:\/\/quiruimplantesdc.com\/index.php\/wp-json\/wp\/v2\/product"}],"about":[{"href":"https:\/\/quiruimplantesdc.com\/index.php\/wp-json\/wp\/v2\/types\/product"}],"replies":[{"embeddable":true,"href":"https:\/\/quiruimplantesdc.com\/index.php\/wp-json\/wp\/v2\/comments?post=279"}],"version-history":[{"count":2,"href":"https:\/\/quiruimplantesdc.com\/index.php\/wp-json\/wp\/v2\/product\/279\/revisions"}],"predecessor-version":[{"id":608,"href":"https:\/\/quiruimplantesdc.com\/index.php\/wp-json\/wp\/v2\/product\/279\/revisions\/608"}],"wp:featuredmedia":[{"embeddable":true,"href":"https:\/\/quiruimplantesdc.com\/index.php\/wp-json\/wp\/v2\/media\/607"}],"wp:attachment":[{"href":"https:\/\/quiruimplantesdc.com\/index.php\/wp-json\/wp\/v2\/media?parent=279"}],"wp:term":[{"taxonomy":"product_brand","embeddable":true,"href":"https:\/\/quiruimplantesdc.com\/index.php\/wp-json\/wp\/v2\/product_brand?post=279"},{"taxonomy":"product_cat","embeddable":true,"href":"https:\/\/quiruimplantesdc.com\/index.php\/wp-json\/wp\/v2\/product_cat?post=279"},{"taxonomy":"product_tag","embeddable":true,"href":"https:\/\/quiruimplantesdc.com\/index.php\/wp-json\/wp\/v2\/product_tag?post=279"}],"curies":[{"name":"wp","href":"https:\/\/api.w.org\/{rel}","templated":true}]}}