{"id":277,"date":"2024-03-31T03:14:34","date_gmt":"2024-03-31T03:14:34","guid":{"rendered":"https:\/\/quiruimplantesdc.com\/?post_type=product&#038;p=277"},"modified":"2024-06-27T22:31:46","modified_gmt":"2024-06-27T22:31:46","slug":"matrix-dermica","status":"publish","type":"product","link":"https:\/\/quiruimplantesdc.com\/index.php\/producto\/matrix-dermica\/","title":{"rendered":"Matrices Dermicas"},"content":{"rendered":"<p>Es un tipo de sustituto cut\u00e1neo sint\u00e9tico compuesto principalmente por col\u00e1geno bovino y condroit\u00edn sulfato. Presenta una doble capa de matriz que estimula el crecimiento fibrobl\u00e1stico y endotelial mediante un proceso de imbibici\u00f3n, neovascularizaci\u00f3n y remodelado.<\/p>\n","protected":false},"excerpt":{"rendered":"<p>Es un tipo de sustituto cut\u00e1neo sint\u00e9tico compuesto principalmente por col\u00e1geno bovino y condroit\u00edn sulfato. Presenta una doble capa de matriz que estimula el crecimiento fibrobl\u00e1stico y endotelial mediante un proceso de imbibici\u00f3n, neovascularizaci\u00f3n y remodelado.<\/p>\n","protected":false},"featured_media":635,"comment_status":"open","ping_status":"closed","template":"","meta":{"om_disable_all_campaigns":false,"_monsterinsights_skip_tracking":false,"_monsterinsights_sitenote_active":false,"_monsterinsights_sitenote_note":"","_monsterinsights_sitenote_category":0,"_joinchat":[]},"product_brand":[],"product_cat":[31],"product_tag":[],"class_list":{"0":"post-277","1":"product","2":"type-product","3":"status-publish","4":"has-post-thumbnail","6":"product_cat-cirugia-plastica-y-reconstructiva","8":"first","9":"instock","10":"shipping-taxable","11":"product-type-simple"},"aioseo_notices":[],"jetpack_sharing_enabled":true,"_links":{"self":[{"href":"https:\/\/quiruimplantesdc.com\/index.php\/wp-json\/wp\/v2\/product\/277","targetHints":{"allow":["GET"]}}],"collection":[{"href":"https:\/\/quiruimplantesdc.com\/index.php\/wp-json\/wp\/v2\/product"}],"about":[{"href":"https:\/\/quiruimplantesdc.com\/index.php\/wp-json\/wp\/v2\/types\/product"}],"replies":[{"embeddable":true,"href":"https:\/\/quiruimplantesdc.com\/index.php\/wp-json\/wp\/v2\/comments?post=277"}],"version-history":[{"count":5,"href":"https:\/\/quiruimplantesdc.com\/index.php\/wp-json\/wp\/v2\/product\/277\/revisions"}],"predecessor-version":[{"id":645,"href":"https:\/\/quiruimplantesdc.com\/index.php\/wp-json\/wp\/v2\/product\/277\/revisions\/645"}],"wp:featuredmedia":[{"embeddable":true,"href":"https:\/\/quiruimplantesdc.com\/index.php\/wp-json\/wp\/v2\/media\/635"}],"wp:attachment":[{"href":"https:\/\/quiruimplantesdc.com\/index.php\/wp-json\/wp\/v2\/media?parent=277"}],"wp:term":[{"taxonomy":"product_brand","embeddable":true,"href":"https:\/\/quiruimplantesdc.com\/index.php\/wp-json\/wp\/v2\/product_brand?post=277"},{"taxonomy":"product_cat","embeddable":true,"href":"https:\/\/quiruimplantesdc.com\/index.php\/wp-json\/wp\/v2\/product_cat?post=277"},{"taxonomy":"product_tag","embeddable":true,"href":"https:\/\/quiruimplantesdc.com\/index.php\/wp-json\/wp\/v2\/product_tag?post=277"}],"curies":[{"name":"wp","href":"https:\/\/api.w.org\/{rel}","templated":true}]}}