{"id":271,"date":"2024-03-31T03:10:55","date_gmt":"2024-03-31T03:10:55","guid":{"rendered":"https:\/\/quiruimplantesdc.com\/?post_type=product&#038;p=271"},"modified":"2024-04-30T12:11:26","modified_gmt":"2024-04-30T12:11:26","slug":"microscopio","status":"publish","type":"product","link":"https:\/\/quiruimplantesdc.com\/index.php\/producto\/microscopio\/","title":{"rendered":"Microscopio"},"content":{"rendered":"<p>La unidad \u00f3ptica ofrece sistema compacto re\u00fane todos los componentes necesarios para la reproducci\u00f3n de im\u00e1genes endosc\u00f3picas, foto ok una imagen ampliada y n\u00edtidamente enfocada del campo quir\u00fargico; son utilizados en microcirug\u00eda.<\/p>\n","protected":false},"excerpt":{"rendered":"<p>La unidad \u00f3ptica ofrece sistema compacto re\u00fane todos los componentes necesarios para la reproducci\u00f3n de im\u00e1genes endosc\u00f3picas, foto ok una imagen ampliada y n\u00edtidamente enfocada del campo quir\u00fargico; son utilizados en microcirug\u00eda.<\/p>\n","protected":false},"featured_media":362,"comment_status":"open","ping_status":"closed","template":"","meta":{"om_disable_all_campaigns":false,"_monsterinsights_skip_tracking":false,"_monsterinsights_sitenote_active":false,"_monsterinsights_sitenote_note":"","_monsterinsights_sitenote_category":0,"_joinchat":[]},"product_brand":[],"product_cat":[30],"product_tag":[],"class_list":{"0":"post-271","1":"product","2":"type-product","3":"status-publish","4":"has-post-thumbnail","6":"product_cat-neurocirugia","8":"first","9":"instock","10":"shipping-taxable","11":"product-type-simple"},"aioseo_notices":[],"jetpack_sharing_enabled":true,"_links":{"self":[{"href":"https:\/\/quiruimplantesdc.com\/index.php\/wp-json\/wp\/v2\/product\/271","targetHints":{"allow":["GET"]}}],"collection":[{"href":"https:\/\/quiruimplantesdc.com\/index.php\/wp-json\/wp\/v2\/product"}],"about":[{"href":"https:\/\/quiruimplantesdc.com\/index.php\/wp-json\/wp\/v2\/types\/product"}],"replies":[{"embeddable":true,"href":"https:\/\/quiruimplantesdc.com\/index.php\/wp-json\/wp\/v2\/comments?post=271"}],"version-history":[{"count":2,"href":"https:\/\/quiruimplantesdc.com\/index.php\/wp-json\/wp\/v2\/product\/271\/revisions"}],"predecessor-version":[{"id":363,"href":"https:\/\/quiruimplantesdc.com\/index.php\/wp-json\/wp\/v2\/product\/271\/revisions\/363"}],"wp:featuredmedia":[{"embeddable":true,"href":"https:\/\/quiruimplantesdc.com\/index.php\/wp-json\/wp\/v2\/media\/362"}],"wp:attachment":[{"href":"https:\/\/quiruimplantesdc.com\/index.php\/wp-json\/wp\/v2\/media?parent=271"}],"wp:term":[{"taxonomy":"product_brand","embeddable":true,"href":"https:\/\/quiruimplantesdc.com\/index.php\/wp-json\/wp\/v2\/product_brand?post=271"},{"taxonomy":"product_cat","embeddable":true,"href":"https:\/\/quiruimplantesdc.com\/index.php\/wp-json\/wp\/v2\/product_cat?post=271"},{"taxonomy":"product_tag","embeddable":true,"href":"https:\/\/quiruimplantesdc.com\/index.php\/wp-json\/wp\/v2\/product_tag?post=271"}],"curies":[{"name":"wp","href":"https:\/\/api.w.org\/{rel}","templated":true}]}}