{"id":245,"date":"2024-03-31T03:01:09","date_gmt":"2024-03-31T03:01:09","guid":{"rendered":"https:\/\/quiruimplantesdc.com\/?post_type=product&#038;p=245"},"modified":"2024-06-24T23:39:29","modified_gmt":"2024-06-24T23:39:29","slug":"endoprotesis-articulares-pediatrica","status":"publish","type":"product","link":"https:\/\/quiruimplantesdc.com\/index.php\/producto\/endoprotesis-articulares-pediatrica\/","title":{"rendered":"Endoprotesis articulares pediatrica"},"content":{"rendered":"<p>Las endopr\u00f3tesis son el m\u00e9todo de elecci\u00f3n para la reconstrucci\u00f3n luego de las resecciones oncol\u00f3gicas ped\u00edatricas.<\/p>\n","protected":false},"excerpt":{"rendered":"<p>Las endopr\u00f3tesis son el m\u00e9todo de elecci\u00f3n para la reconstrucci\u00f3n luego de las resecciones oncol\u00f3gicas ped\u00edatricas.<\/p>\n","protected":false},"featured_media":452,"comment_status":"open","ping_status":"closed","template":"","meta":{"om_disable_all_campaigns":false,"_monsterinsights_skip_tracking":false,"_monsterinsights_sitenote_active":false,"_monsterinsights_sitenote_note":"","_monsterinsights_sitenote_category":0,"_joinchat":[]},"product_brand":[],"product_cat":[23,35],"product_tag":[],"class_list":{"0":"post-245","1":"product","2":"type-product","3":"status-publish","4":"has-post-thumbnail","6":"product_cat-ortopedia","7":"product_cat-ortopedia-oncologica-pediatrica","9":"first","10":"instock","11":"shipping-taxable","12":"product-type-simple"},"aioseo_notices":[],"jetpack_sharing_enabled":true,"_links":{"self":[{"href":"https:\/\/quiruimplantesdc.com\/index.php\/wp-json\/wp\/v2\/product\/245","targetHints":{"allow":["GET"]}}],"collection":[{"href":"https:\/\/quiruimplantesdc.com\/index.php\/wp-json\/wp\/v2\/product"}],"about":[{"href":"https:\/\/quiruimplantesdc.com\/index.php\/wp-json\/wp\/v2\/types\/product"}],"replies":[{"embeddable":true,"href":"https:\/\/quiruimplantesdc.com\/index.php\/wp-json\/wp\/v2\/comments?post=245"}],"version-history":[{"count":4,"href":"https:\/\/quiruimplantesdc.com\/index.php\/wp-json\/wp\/v2\/product\/245\/revisions"}],"predecessor-version":[{"id":352,"href":"https:\/\/quiruimplantesdc.com\/index.php\/wp-json\/wp\/v2\/product\/245\/revisions\/352"}],"wp:featuredmedia":[{"embeddable":true,"href":"https:\/\/quiruimplantesdc.com\/index.php\/wp-json\/wp\/v2\/media\/452"}],"wp:attachment":[{"href":"https:\/\/quiruimplantesdc.com\/index.php\/wp-json\/wp\/v2\/media?parent=245"}],"wp:term":[{"taxonomy":"product_brand","embeddable":true,"href":"https:\/\/quiruimplantesdc.com\/index.php\/wp-json\/wp\/v2\/product_brand?post=245"},{"taxonomy":"product_cat","embeddable":true,"href":"https:\/\/quiruimplantesdc.com\/index.php\/wp-json\/wp\/v2\/product_cat?post=245"},{"taxonomy":"product_tag","embeddable":true,"href":"https:\/\/quiruimplantesdc.com\/index.php\/wp-json\/wp\/v2\/product_tag?post=245"}],"curies":[{"name":"wp","href":"https:\/\/api.w.org\/{rel}","templated":true}]}}