{"id":243,"date":"2024-03-31T03:00:38","date_gmt":"2024-03-31T03:00:38","guid":{"rendered":"https:\/\/quiruimplantesdc.com\/?post_type=product&#038;p=243"},"modified":"2025-02-03T16:07:24","modified_gmt":"2025-02-03T16:07:24","slug":"microsierra","status":"publish","type":"product","link":"https:\/\/quiruimplantesdc.com\/index.php\/producto\/microsierra\/","title":{"rendered":"Micro sierra"},"content":{"rendered":"<p>Micro sierra neum\u00e1tica ligera que le permite al m\u00e9dico realizar cortes m\u00e1s precisos y delicados.<\/p>\n","protected":false},"excerpt":{"rendered":"<p>Micro sierra neum\u00e1tica ligera que le permite al m\u00e9dico realizar cortes m\u00e1s precisos y delicados.<\/p>\n","protected":false},"featured_media":774,"comment_status":"open","ping_status":"closed","template":"","meta":{"om_disable_all_campaigns":false,"_monsterinsights_skip_tracking":false,"_monsterinsights_sitenote_active":false,"_monsterinsights_sitenote_note":"","_monsterinsights_sitenote_category":0,"_joinchat":[]},"product_brand":[],"product_cat":[23,35],"product_tag":[],"class_list":{"0":"post-243","1":"product","2":"type-product","3":"status-publish","4":"has-post-thumbnail","6":"product_cat-ortopedia","7":"product_cat-ortopedia-oncologica-pediatrica","9":"first","10":"instock","11":"shipping-taxable","12":"product-type-simple"},"aioseo_notices":[],"jetpack_sharing_enabled":true,"_links":{"self":[{"href":"https:\/\/quiruimplantesdc.com\/index.php\/wp-json\/wp\/v2\/product\/243","targetHints":{"allow":["GET"]}}],"collection":[{"href":"https:\/\/quiruimplantesdc.com\/index.php\/wp-json\/wp\/v2\/product"}],"about":[{"href":"https:\/\/quiruimplantesdc.com\/index.php\/wp-json\/wp\/v2\/types\/product"}],"replies":[{"embeddable":true,"href":"https:\/\/quiruimplantesdc.com\/index.php\/wp-json\/wp\/v2\/comments?post=243"}],"version-history":[{"count":4,"href":"https:\/\/quiruimplantesdc.com\/index.php\/wp-json\/wp\/v2\/product\/243\/revisions"}],"predecessor-version":[{"id":776,"href":"https:\/\/quiruimplantesdc.com\/index.php\/wp-json\/wp\/v2\/product\/243\/revisions\/776"}],"wp:featuredmedia":[{"embeddable":true,"href":"https:\/\/quiruimplantesdc.com\/index.php\/wp-json\/wp\/v2\/media\/774"}],"wp:attachment":[{"href":"https:\/\/quiruimplantesdc.com\/index.php\/wp-json\/wp\/v2\/media?parent=243"}],"wp:term":[{"taxonomy":"product_brand","embeddable":true,"href":"https:\/\/quiruimplantesdc.com\/index.php\/wp-json\/wp\/v2\/product_brand?post=243"},{"taxonomy":"product_cat","embeddable":true,"href":"https:\/\/quiruimplantesdc.com\/index.php\/wp-json\/wp\/v2\/product_cat?post=243"},{"taxonomy":"product_tag","embeddable":true,"href":"https:\/\/quiruimplantesdc.com\/index.php\/wp-json\/wp\/v2\/product_tag?post=243"}],"curies":[{"name":"wp","href":"https:\/\/api.w.org\/{rel}","templated":true}]}}