{"id":234,"date":"2024-03-31T02:53:28","date_gmt":"2024-03-31T02:53:28","guid":{"rendered":"https:\/\/quiruimplantesdc.com\/?post_type=product&#038;p=234"},"modified":"2025-02-03T21:30:27","modified_gmt":"2025-02-03T21:30:27","slug":"endoprotesis-articulares","status":"publish","type":"product","link":"https:\/\/quiruimplantesdc.com\/index.php\/producto\/endoprotesis-articulares\/","title":{"rendered":"Endoprotesis Articulares"},"content":{"rendered":"<p>Son el m\u00e9todo de elecci\u00f3n m\u00e9dico quir\u00fargico de reconstrucci\u00f3n luego de realizar una resecci\u00f3n patol\u00f3gica oncol\u00f3gicas articular, mejorando la movilidad y la calidad de vida de los pacientes<\/p>\n","protected":false},"excerpt":{"rendered":"<p>Son el m\u00e9todo de elecci\u00f3n m\u00e9dico quir\u00fargico de reconstrucci\u00f3n luego de realizar una resecci\u00f3n patol\u00f3gica oncol\u00f3gicas articular, mejorando la movilidad y la calidad de vida de los pacientes<\/p>\n","protected":false},"featured_media":817,"comment_status":"open","ping_status":"closed","template":"","meta":{"om_disable_all_campaigns":false,"_monsterinsights_skip_tracking":false,"_monsterinsights_sitenote_active":false,"_monsterinsights_sitenote_note":"","_monsterinsights_sitenote_category":0,"_joinchat":[]},"product_brand":[],"product_cat":[23,25],"product_tag":[],"class_list":{"0":"post-234","1":"product","2":"type-product","3":"status-publish","4":"has-post-thumbnail","6":"product_cat-ortopedia","7":"product_cat-ortopedia-oncologica-adulto","9":"first","10":"instock","11":"shipping-taxable","12":"product-type-simple"},"aioseo_notices":[],"jetpack_sharing_enabled":true,"_links":{"self":[{"href":"https:\/\/quiruimplantesdc.com\/index.php\/wp-json\/wp\/v2\/product\/234","targetHints":{"allow":["GET"]}}],"collection":[{"href":"https:\/\/quiruimplantesdc.com\/index.php\/wp-json\/wp\/v2\/product"}],"about":[{"href":"https:\/\/quiruimplantesdc.com\/index.php\/wp-json\/wp\/v2\/types\/product"}],"replies":[{"embeddable":true,"href":"https:\/\/quiruimplantesdc.com\/index.php\/wp-json\/wp\/v2\/comments?post=234"}],"version-history":[{"count":4,"href":"https:\/\/quiruimplantesdc.com\/index.php\/wp-json\/wp\/v2\/product\/234\/revisions"}],"predecessor-version":[{"id":780,"href":"https:\/\/quiruimplantesdc.com\/index.php\/wp-json\/wp\/v2\/product\/234\/revisions\/780"}],"wp:featuredmedia":[{"embeddable":true,"href":"https:\/\/quiruimplantesdc.com\/index.php\/wp-json\/wp\/v2\/media\/817"}],"wp:attachment":[{"href":"https:\/\/quiruimplantesdc.com\/index.php\/wp-json\/wp\/v2\/media?parent=234"}],"wp:term":[{"taxonomy":"product_brand","embeddable":true,"href":"https:\/\/quiruimplantesdc.com\/index.php\/wp-json\/wp\/v2\/product_brand?post=234"},{"taxonomy":"product_cat","embeddable":true,"href":"https:\/\/quiruimplantesdc.com\/index.php\/wp-json\/wp\/v2\/product_cat?post=234"},{"taxonomy":"product_tag","embeddable":true,"href":"https:\/\/quiruimplantesdc.com\/index.php\/wp-json\/wp\/v2\/product_tag?post=234"}],"curies":[{"name":"wp","href":"https:\/\/api.w.org\/{rel}","templated":true}]}}