{"id":230,"date":"2024-03-31T02:52:23","date_gmt":"2024-03-31T02:52:23","guid":{"rendered":"https:\/\/quiruimplantesdc.com\/?post_type=product&#038;p=230"},"modified":"2024-06-24T23:24:22","modified_gmt":"2024-06-24T23:24:22","slug":"injertos-y-regeneradores-oseos","status":"publish","type":"product","link":"https:\/\/quiruimplantesdc.com\/index.php\/producto\/injertos-y-regeneradores-oseos\/","title":{"rendered":"Biol\u00f3gicos"},"content":{"rendered":"<p>Derivados del tejido \u00f3seo humano pasando por un proceso de desmineralizaci\u00f3n que implica la eliminaci\u00f3n de minerales como el calcio y el f\u00f3sforo.<br \/>\nPresentaci\u00f3n:<br \/>\n&#8211; Chips<br \/>\n&#8211; Putty<br \/>\n&#8211; Lamina<\/p>\n","protected":false},"excerpt":{"rendered":"<p>Derivados del tejido \u00f3seo humano pasando por un proceso de desmineralizaci\u00f3n que implica la eliminaci\u00f3n de minerales como el calcio y el f\u00f3sforo. Presentaci\u00f3n: &#8211; Chips &#8211; Putty &#8211; Lamina<\/p>\n","protected":false},"featured_media":604,"comment_status":"open","ping_status":"closed","template":"","meta":{"om_disable_all_campaigns":false,"_monsterinsights_skip_tracking":false,"_monsterinsights_sitenote_active":false,"_monsterinsights_sitenote_note":"","_monsterinsights_sitenote_category":0,"_joinchat":[]},"product_brand":[],"product_cat":[23,25,35],"product_tag":[],"class_list":{"0":"post-230","1":"product","2":"type-product","3":"status-publish","4":"has-post-thumbnail","6":"product_cat-ortopedia","7":"product_cat-ortopedia-oncologica-adulto","8":"product_cat-ortopedia-oncologica-pediatrica","10":"first","11":"instock","12":"shipping-taxable","13":"product-type-simple"},"aioseo_notices":[],"jetpack_sharing_enabled":true,"_links":{"self":[{"href":"https:\/\/quiruimplantesdc.com\/index.php\/wp-json\/wp\/v2\/product\/230","targetHints":{"allow":["GET"]}}],"collection":[{"href":"https:\/\/quiruimplantesdc.com\/index.php\/wp-json\/wp\/v2\/product"}],"about":[{"href":"https:\/\/quiruimplantesdc.com\/index.php\/wp-json\/wp\/v2\/types\/product"}],"replies":[{"embeddable":true,"href":"https:\/\/quiruimplantesdc.com\/index.php\/wp-json\/wp\/v2\/comments?post=230"}],"version-history":[{"count":4,"href":"https:\/\/quiruimplantesdc.com\/index.php\/wp-json\/wp\/v2\/product\/230\/revisions"}],"predecessor-version":[{"id":606,"href":"https:\/\/quiruimplantesdc.com\/index.php\/wp-json\/wp\/v2\/product\/230\/revisions\/606"}],"wp:featuredmedia":[{"embeddable":true,"href":"https:\/\/quiruimplantesdc.com\/index.php\/wp-json\/wp\/v2\/media\/604"}],"wp:attachment":[{"href":"https:\/\/quiruimplantesdc.com\/index.php\/wp-json\/wp\/v2\/media?parent=230"}],"wp:term":[{"taxonomy":"product_brand","embeddable":true,"href":"https:\/\/quiruimplantesdc.com\/index.php\/wp-json\/wp\/v2\/product_brand?post=230"},{"taxonomy":"product_cat","embeddable":true,"href":"https:\/\/quiruimplantesdc.com\/index.php\/wp-json\/wp\/v2\/product_cat?post=230"},{"taxonomy":"product_tag","embeddable":true,"href":"https:\/\/quiruimplantesdc.com\/index.php\/wp-json\/wp\/v2\/product_tag?post=230"}],"curies":[{"name":"wp","href":"https:\/\/api.w.org\/{rel}","templated":true}]}}