{"id":228,"date":"2024-03-31T02:51:12","date_gmt":"2024-03-31T02:51:12","guid":{"rendered":"https:\/\/quiruimplantesdc.com\/?post_type=product&#038;p=228"},"modified":"2025-02-03T16:37:10","modified_gmt":"2025-02-03T16:37:10","slug":"hemostaticos","status":"publish","type":"product","link":"https:\/\/quiruimplantesdc.com\/index.php\/producto\/hemostaticos\/","title":{"rendered":"Polvo Hemostatico"},"content":{"rendered":"<p>Hemost\u00e1tico en polvo absorbible natural de origen vegetal, es un producto est\u00e9ril elaborado a partir de celulosa regenerada oxidada (\u00e1cido hidroglucur\u00f3nico polioxietano) que detiene m\u00e1s r\u00e1pidamente el sangrado continuo en superficies amplias.<\/p>\n<p>Se puede aplicar en seco o preparar en gel, directamente sobre \u00e1reas u \u00f3rganos sangrantes, lo que lo hace adecuado para una amplia gama de procedimientos quir\u00fargicos.<\/p>\n","protected":false},"excerpt":{"rendered":"<p>Hemost\u00e1tico en polvo absorbible natural de origen vegetal, es un producto est\u00e9ril elaborado a partir de celulosa regenerada oxidada (\u00e1cido hidroglucur\u00f3nico polioxietano) que detiene m\u00e1s r\u00e1pidamente el sangrado continuo en superficies amplias. Se puede aplicar en seco o preparar en gel, directamente sobre \u00e1reas u \u00f3rganos sangrantes, lo que lo hace adecuado para una amplia [&hellip;]<\/p>\n","protected":false},"featured_media":600,"comment_status":"open","ping_status":"closed","template":"","meta":{"om_disable_all_campaigns":false,"_monsterinsights_skip_tracking":false,"_monsterinsights_sitenote_active":false,"_monsterinsights_sitenote_note":"","_monsterinsights_sitenote_category":0,"_joinchat":[]},"product_brand":[],"product_cat":[33,30,23],"product_tag":[],"class_list":{"0":"post-228","1":"product","2":"type-product","3":"status-publish","4":"has-post-thumbnail","6":"product_cat-hemostaticos","7":"product_cat-neurocirugia","8":"product_cat-ortopedia","10":"first","11":"instock","12":"shipping-taxable","13":"product-type-simple"},"aioseo_notices":[],"jetpack_sharing_enabled":true,"_links":{"self":[{"href":"https:\/\/quiruimplantesdc.com\/index.php\/wp-json\/wp\/v2\/product\/228","targetHints":{"allow":["GET"]}}],"collection":[{"href":"https:\/\/quiruimplantesdc.com\/index.php\/wp-json\/wp\/v2\/product"}],"about":[{"href":"https:\/\/quiruimplantesdc.com\/index.php\/wp-json\/wp\/v2\/types\/product"}],"replies":[{"embeddable":true,"href":"https:\/\/quiruimplantesdc.com\/index.php\/wp-json\/wp\/v2\/comments?post=228"}],"version-history":[{"count":3,"href":"https:\/\/quiruimplantesdc.com\/index.php\/wp-json\/wp\/v2\/product\/228\/revisions"}],"predecessor-version":[{"id":785,"href":"https:\/\/quiruimplantesdc.com\/index.php\/wp-json\/wp\/v2\/product\/228\/revisions\/785"}],"wp:featuredmedia":[{"embeddable":true,"href":"https:\/\/quiruimplantesdc.com\/index.php\/wp-json\/wp\/v2\/media\/600"}],"wp:attachment":[{"href":"https:\/\/quiruimplantesdc.com\/index.php\/wp-json\/wp\/v2\/media?parent=228"}],"wp:term":[{"taxonomy":"product_brand","embeddable":true,"href":"https:\/\/quiruimplantesdc.com\/index.php\/wp-json\/wp\/v2\/product_brand?post=228"},{"taxonomy":"product_cat","embeddable":true,"href":"https:\/\/quiruimplantesdc.com\/index.php\/wp-json\/wp\/v2\/product_cat?post=228"},{"taxonomy":"product_tag","embeddable":true,"href":"https:\/\/quiruimplantesdc.com\/index.php\/wp-json\/wp\/v2\/product_tag?post=228"}],"curies":[{"name":"wp","href":"https:\/\/api.w.org\/{rel}","templated":true}]}}