{"id":150,"date":"2024-03-19T02:25:51","date_gmt":"2024-03-19T02:25:51","guid":{"rendered":"https:\/\/quiruimplantesdc.com\/?post_type=product&#038;p=150"},"modified":"2025-02-03T17:06:54","modified_gmt":"2025-02-03T17:06:54","slug":"equipo-de-radio-frecuencia","status":"publish","type":"product","link":"https:\/\/quiruimplantesdc.com\/index.php\/producto\/equipo-de-radio-frecuencia\/","title":{"rendered":"Laser de Argon Endosc\u00f3pico"},"content":{"rendered":"<p>El coagulador por plasma de arg\u00f3n via endosc\u00f3pica, permite reducir el tiempo quir\u00fargico con excelente coagulaci\u00f3n de zonas g\u00e1stricas y menor riesgo de infecci\u00f3n. Durante el procedimiento, el aparato dirige el eje de arg\u00f3n con precisi\u00f3n sobre el tejido, sin contacto con la superficie, lo que garantiza la r\u00e1pida hemostasia y mejor cicatrizaci\u00f3n.<\/p>\n","protected":false},"excerpt":{"rendered":"<p>El coagulador por plasma de arg\u00f3n via endosc\u00f3pica, permite reducir el tiempo quir\u00fargico con excelente coagulaci\u00f3n de zonas g\u00e1stricas y menor riesgo de infecci\u00f3n. Durante el procedimiento, el aparato dirige el eje de arg\u00f3n con precisi\u00f3n sobre el tejido, sin contacto con la superficie, lo que garantiza la r\u00e1pida hemostasia y mejor cicatrizaci\u00f3n.<\/p>\n","protected":false},"featured_media":791,"comment_status":"open","ping_status":"closed","template":"","meta":{"om_disable_all_campaigns":false,"_monsterinsights_skip_tracking":false,"_monsterinsights_sitenote_active":false,"_monsterinsights_sitenote_note":"","_monsterinsights_sitenote_category":0,"_joinchat":[]},"product_brand":[],"product_cat":[32],"product_tag":[39,40],"class_list":{"0":"post-150","1":"product","2":"type-product","3":"status-publish","4":"has-post-thumbnail","6":"product_cat-otorrino","7":"product_tag-argon","8":"product_tag-endoscopi","10":"first","11":"instock","12":"shipping-taxable","13":"product-type-simple"},"aioseo_notices":[],"jetpack_sharing_enabled":true,"_links":{"self":[{"href":"https:\/\/quiruimplantesdc.com\/index.php\/wp-json\/wp\/v2\/product\/150","targetHints":{"allow":["GET"]}}],"collection":[{"href":"https:\/\/quiruimplantesdc.com\/index.php\/wp-json\/wp\/v2\/product"}],"about":[{"href":"https:\/\/quiruimplantesdc.com\/index.php\/wp-json\/wp\/v2\/types\/product"}],"replies":[{"embeddable":true,"href":"https:\/\/quiruimplantesdc.com\/index.php\/wp-json\/wp\/v2\/comments?post=150"}],"version-history":[{"count":4,"href":"https:\/\/quiruimplantesdc.com\/index.php\/wp-json\/wp\/v2\/product\/150\/revisions"}],"predecessor-version":[{"id":793,"href":"https:\/\/quiruimplantesdc.com\/index.php\/wp-json\/wp\/v2\/product\/150\/revisions\/793"}],"wp:featuredmedia":[{"embeddable":true,"href":"https:\/\/quiruimplantesdc.com\/index.php\/wp-json\/wp\/v2\/media\/791"}],"wp:attachment":[{"href":"https:\/\/quiruimplantesdc.com\/index.php\/wp-json\/wp\/v2\/media?parent=150"}],"wp:term":[{"taxonomy":"product_brand","embeddable":true,"href":"https:\/\/quiruimplantesdc.com\/index.php\/wp-json\/wp\/v2\/product_brand?post=150"},{"taxonomy":"product_cat","embeddable":true,"href":"https:\/\/quiruimplantesdc.com\/index.php\/wp-json\/wp\/v2\/product_cat?post=150"},{"taxonomy":"product_tag","embeddable":true,"href":"https:\/\/quiruimplantesdc.com\/index.php\/wp-json\/wp\/v2\/product_tag?post=150"}],"curies":[{"name":"wp","href":"https:\/\/api.w.org\/{rel}","templated":true}]}}